{"id":3009,"date":"2015-09-29T08:41:54","date_gmt":"2015-09-29T11:41:54","guid":{"rendered":"http:\/\/therex.bk-ninja.com\/?page_id=162"},"modified":"2022-08-12T18:50:41","modified_gmt":"2022-08-12T21:50:41","slug":"lideranca-gestao-marketing-carreira-inovacao-empreendedorismo-politica-economia-negocios","status":"publish","type":"page","link":"https:\/\/radarexecutivo.com.br\/revista\/","title":{"rendered":"Revista Radar Executivo"},"content":{"rendered":"","protected":false},"excerpt":{"rendered":"","protected":false},"author":2,"featured_media":0,"parent":0,"menu_order":0,"comment_status":"closed","ping_status":"closed","template":"page_builder.php","meta":{"om_disable_all_campaigns":false,"footnotes":""},"class_list":["post-3009","page","type-page","status-publish","hentry"],"yoast_head":"<!-- This site is optimized with the Yoast SEO plugin v18.9 - https:\/\/yoast.com\/wordpress\/plugins\/seo\/ -->\n<title>Revista Radar Executivo - Voc\u00ea Conectado no Mundo Empresarial<\/title>\n<meta name=\"description\" content=\"Conte\u00fado relevante para pessoas inteligentes: lideran\u00e7a, gest\u00e3o, carreira, neg\u00f3cios, marketing, empreendedorismo, pol\u00edtica, economia e inova\u00e7\u00e3o.\" \/>\n<meta name=\"robots\" content=\"index, follow, max-snippet:-1, max-image-preview:large, max-video-preview:-1\" \/>\n<link rel=\"canonical\" href=\"https:\/\/radarexecutivo.com.br\/revista\/\" \/>\n<meta property=\"og:locale\" content=\"pt_BR\" \/>\n<meta property=\"og:type\" content=\"article\" \/>\n<meta property=\"og:title\" content=\"Revista Radar Executivo - Voc\u00ea Conectado no Mundo Empresarial\" \/>\n<meta property=\"og:description\" content=\"Conte\u00fado relevante para pessoas inteligentes: lideran\u00e7a, gest\u00e3o, carreira, neg\u00f3cios, marketing, empreendedorismo, pol\u00edtica, economia e inova\u00e7\u00e3o.\" \/>\n<meta property=\"og:url\" content=\"https:\/\/radarexecutivo.com.br\/revista\/\" \/>\n<meta property=\"og:site_name\" content=\"Revista Radar Executivo\" \/>\n<meta property=\"article:modified_time\" content=\"2022-08-12T21:50:41+00:00\" \/>\n<meta name=\"twitter:card\" content=\"summary_large_image\" \/>\n<script type=\"application\/ld+json\" class=\"yoast-schema-graph\">{\"@context\":\"https:\/\/schema.org\",\"@graph\":[{\"@type\":\"Organization\",\"@id\":\"https:\/\/radarexecutivo.com.br\/revista\/#organization\",\"name\":\"Revista Radar Executivo\",\"url\":\"https:\/\/radarexecutivo.com.br\/revista\/\",\"sameAs\":[],\"logo\":{\"@type\":\"ImageObject\",\"inLanguage\":\"pt-BR\",\"@id\":\"https:\/\/radarexecutivo.com.br\/revista\/#\/schema\/logo\/image\/\",\"url\":\"https:\/\/radarexecutivo.com.br\/revista\/wp-content\/uploads\/2022\/06\/LOGO-REVISTA-PORTUGUES-PRETO-2.png\",\"contentUrl\":\"https:\/\/radarexecutivo.com.br\/revista\/wp-content\/uploads\/2022\/06\/LOGO-REVISTA-PORTUGUES-PRETO-2.png\",\"width\":8084,\"height\":2580,\"caption\":\"Revista Radar Executivo\"},\"image\":{\"@id\":\"https:\/\/radarexecutivo.com.br\/revista\/#\/schema\/logo\/image\/\"}},{\"@type\":\"WebSite\",\"@id\":\"https:\/\/radarexecutivo.com.br\/revista\/#website\",\"url\":\"https:\/\/radarexecutivo.com.br\/revista\/\",\"name\":\"Revista Radar Executivo\",\"description\":\"Voc\u00ea conectado no mundo empresarial\",\"publisher\":{\"@id\":\"https:\/\/radarexecutivo.com.br\/revista\/#organization\"},\"potentialAction\":[{\"@type\":\"SearchAction\",\"target\":{\"@type\":\"EntryPoint\",\"urlTemplate\":\"https:\/\/radarexecutivo.com.br\/revista\/?s={search_term_string}\"},\"query-input\":\"required name=search_term_string\"}],\"inLanguage\":\"pt-BR\"},{\"@type\":\"WebPage\",\"@id\":\"https:\/\/radarexecutivo.com.br\/revista\/#webpage\",\"url\":\"https:\/\/radarexecutivo.com.br\/revista\/\",\"name\":\"Revista Radar Executivo - Voc\u00ea Conectado no Mundo Empresarial\",\"isPartOf\":{\"@id\":\"https:\/\/radarexecutivo.com.br\/revista\/#website\"},\"datePublished\":\"2015-09-29T11:41:54+00:00\",\"dateModified\":\"2022-08-12T21:50:41+00:00\",\"description\":\"Conte\u00fado relevante para pessoas inteligentes: lideran\u00e7a, gest\u00e3o, carreira, neg\u00f3cios, marketing, empreendedorismo, pol\u00edtica, economia e inova\u00e7\u00e3o.\",\"breadcrumb\":{\"@id\":\"https:\/\/radarexecutivo.com.br\/revista\/#breadcrumb\"},\"inLanguage\":\"pt-BR\",\"potentialAction\":[{\"@type\":\"ReadAction\",\"target\":[\"https:\/\/radarexecutivo.com.br\/revista\/\"]}]},{\"@type\":\"BreadcrumbList\",\"@id\":\"https:\/\/radarexecutivo.com.br\/revista\/#breadcrumb\",\"itemListElement\":[{\"@type\":\"ListItem\",\"position\":1,\"name\":\"home\",\"item\":\"https:\/\/radarexecutivo.com.br\/revista\/\"},{\"@type\":\"ListItem\",\"position\":2,\"name\":\"Revista Radar Executivo\"}]}]}<\/script>\n<!-- \/ Yoast SEO plugin. -->","yoast_head_json":{"title":"Revista Radar Executivo - Voc\u00ea Conectado no Mundo Empresarial","description":"Conte\u00fado relevante para pessoas inteligentes: lideran\u00e7a, gest\u00e3o, carreira, neg\u00f3cios, marketing, empreendedorismo, pol\u00edtica, economia e inova\u00e7\u00e3o.","robots":{"index":"index","follow":"follow","max-snippet":"max-snippet:-1","max-image-preview":"max-image-preview:large","max-video-preview":"max-video-preview:-1"},"canonical":"https:\/\/radarexecutivo.com.br\/revista\/","og_locale":"pt_BR","og_type":"article","og_title":"Revista Radar Executivo - Voc\u00ea Conectado no Mundo Empresarial","og_description":"Conte\u00fado relevante para pessoas inteligentes: lideran\u00e7a, gest\u00e3o, carreira, neg\u00f3cios, marketing, empreendedorismo, pol\u00edtica, economia e inova\u00e7\u00e3o.","og_url":"https:\/\/radarexecutivo.com.br\/revista\/","og_site_name":"Revista Radar Executivo","article_modified_time":"2022-08-12T21:50:41+00:00","twitter_card":"summary_large_image","schema":{"@context":"https:\/\/schema.org","@graph":[{"@type":"Organization","@id":"https:\/\/radarexecutivo.com.br\/revista\/#organization","name":"Revista Radar Executivo","url":"https:\/\/radarexecutivo.com.br\/revista\/","sameAs":[],"logo":{"@type":"ImageObject","inLanguage":"pt-BR","@id":"https:\/\/radarexecutivo.com.br\/revista\/#\/schema\/logo\/image\/","url":"https:\/\/radarexecutivo.com.br\/revista\/wp-content\/uploads\/2022\/06\/LOGO-REVISTA-PORTUGUES-PRETO-2.png","contentUrl":"https:\/\/radarexecutivo.com.br\/revista\/wp-content\/uploads\/2022\/06\/LOGO-REVISTA-PORTUGUES-PRETO-2.png","width":8084,"height":2580,"caption":"Revista Radar Executivo"},"image":{"@id":"https:\/\/radarexecutivo.com.br\/revista\/#\/schema\/logo\/image\/"}},{"@type":"WebSite","@id":"https:\/\/radarexecutivo.com.br\/revista\/#website","url":"https:\/\/radarexecutivo.com.br\/revista\/","name":"Revista Radar Executivo","description":"Voc\u00ea conectado no mundo empresarial","publisher":{"@id":"https:\/\/radarexecutivo.com.br\/revista\/#organization"},"potentialAction":[{"@type":"SearchAction","target":{"@type":"EntryPoint","urlTemplate":"https:\/\/radarexecutivo.com.br\/revista\/?s={search_term_string}"},"query-input":"required name=search_term_string"}],"inLanguage":"pt-BR"},{"@type":"WebPage","@id":"https:\/\/radarexecutivo.com.br\/revista\/#webpage","url":"https:\/\/radarexecutivo.com.br\/revista\/","name":"Revista Radar Executivo - Voc\u00ea Conectado no Mundo Empresarial","isPartOf":{"@id":"https:\/\/radarexecutivo.com.br\/revista\/#website"},"datePublished":"2015-09-29T11:41:54+00:00","dateModified":"2022-08-12T21:50:41+00:00","description":"Conte\u00fado relevante para pessoas inteligentes: lideran\u00e7a, gest\u00e3o, carreira, neg\u00f3cios, marketing, empreendedorismo, pol\u00edtica, economia e inova\u00e7\u00e3o.","breadcrumb":{"@id":"https:\/\/radarexecutivo.com.br\/revista\/#breadcrumb"},"inLanguage":"pt-BR","potentialAction":[{"@type":"ReadAction","target":["https:\/\/radarexecutivo.com.br\/revista\/"]}]},{"@type":"BreadcrumbList","@id":"https:\/\/radarexecutivo.com.br\/revista\/#breadcrumb","itemListElement":[{"@type":"ListItem","position":1,"name":"home","item":"https:\/\/radarexecutivo.com.br\/revista\/"},{"@type":"ListItem","position":2,"name":"Revista Radar Executivo"}]}]}},"_links":{"self":[{"href":"https:\/\/radarexecutivo.com.br\/revista\/wp-json\/wp\/v2\/pages\/3009","targetHints":{"allow":["GET"]}}],"collection":[{"href":"https:\/\/radarexecutivo.com.br\/revista\/wp-json\/wp\/v2\/pages"}],"about":[{"href":"https:\/\/radarexecutivo.com.br\/revista\/wp-json\/wp\/v2\/types\/page"}],"author":[{"embeddable":true,"href":"https:\/\/radarexecutivo.com.br\/revista\/wp-json\/wp\/v2\/users\/2"}],"replies":[{"embeddable":true,"href":"https:\/\/radarexecutivo.com.br\/revista\/wp-json\/wp\/v2\/comments?post=3009"}],"version-history":[{"count":5,"href":"https:\/\/radarexecutivo.com.br\/revista\/wp-json\/wp\/v2\/pages\/3009\/revisions"}],"predecessor-version":[{"id":3137,"href":"https:\/\/radarexecutivo.com.br\/revista\/wp-json\/wp\/v2\/pages\/3009\/revisions\/3137"}],"wp:attachment":[{"href":"https:\/\/radarexecutivo.com.br\/revista\/wp-json\/wp\/v2\/media?parent=3009"}],"curies":[{"name":"wp","href":"https:\/\/api.w.org\/{rel}","templated":true}]}}